{"id":697,"date":"2021-05-01T11:10:41","date_gmt":"2021-05-01T11:10:41","guid":{"rendered":"http:\/\/tt-construction-cameroun.com\/?page_id=697"},"modified":"2021-05-01T11:14:05","modified_gmt":"2021-05-01T11:14:05","slug":"politique-de-confidentialite","status":"publish","type":"page","link":"http:\/\/tt-construction-cameroun.com\/de\/politique-de-confidentialite","title":{"rendered":"Datenschutz-Bestimmungen"},"content":{"rendered":"<div data-elementor-type=\"wp-page\" data-elementor-id=\"697\" class=\"elementor elementor-697\" data-elementor-post-type=\"page\">\n\t\t\t\t\t\t<header class=\"elementor-section elementor-top-section elementor-element elementor-element-193d6ddf elementor-section-content-middle elementor-section-height-min-height elementor-section-full_width elementor-section-height-default elementor-section-items-middle\" data-id=\"193d6ddf\" data-element_type=\"section\" data-e-type=\"section\" data-settings=\"{&quot;background_background&quot;:&quot;classic&quot;}\">\n\t\t\t\t\t\t<div class=\"elementor-container elementor-column-gap-no\">\n\t\t\t\t\t<div class=\"elementor-column elementor-col-25 elementor-top-column elementor-element elementor-element-4d53feac\" data-id=\"4d53feac\" data-element_type=\"column\" data-e-type=\"column\">\n\t\t\t<div class=\"elementor-widget-wrap elementor-element-populated\">\n\t\t\t\t\t\t<div class=\"elementor-element elementor-element-56b0f384 elementor-widget elementor-widget-theme-site-logo elementor-widget-image\" data-id=\"56b0f384\" data-element_type=\"widget\" data-e-type=\"widget\" data-widget_type=\"theme-site-logo.default\">\n\t\t\t\t<div class=\"elementor-widget-container\">\n\t\t\t\t\t\t\t\t\t\t\t<a href=\"http:\/\/tt-construction-cameroun.com\/de\">\n\t\t\t<img fetchpriority=\"high\" decoding=\"async\" width=\"350\" height=\"150\" src=\"https:\/\/tt-construction-cameroun.com\/wp-content\/uploads\/2021\/04\/logo_small1_web.png\" class=\"attachment-full size-full wp-image-61\" alt=\"\" srcset=\"https:\/\/tt-construction-cameroun.com\/wp-content\/uploads\/2021\/04\/logo_small1_web.png 350w, https:\/\/tt-construction-cameroun.com\/wp-content\/uploads\/2021\/04\/logo_small1_web-300x129.png 300w\" sizes=\"(max-width: 350px) 100vw, 350px\" \/>\t\t\t\t<\/a>\n\t\t\t\t\t\t\t\t\t\t\t<\/div>\n\t\t\t\t<\/div>\n\t\t\t\t\t<\/div>\n\t\t<\/div>\n\t\t\t\t<div class=\"elementor-column elementor-col-50 elementor-top-column elementor-element elementor-element-278e5aa\" data-id=\"278e5aa\" data-element_type=\"column\" data-e-type=\"column\">\n\t\t\t<div class=\"elementor-widget-wrap elementor-element-populated\">\n\t\t\t\t\t\t<div class=\"elementor-element elementor-element-1575c071 elementor-nav-menu__align-end elementor-nav-menu--stretch elementor-nav-menu--dropdown-tablet elementor-nav-menu__text-align-aside elementor-nav-menu--toggle elementor-nav-menu--burger elementor-widget elementor-widget-nav-menu\" data-id=\"1575c071\" data-element_type=\"widget\" data-e-type=\"widget\" data-settings=\"{&quot;full_width&quot;:&quot;stretch&quot;,&quot;layout&quot;:&quot;horizontal&quot;,&quot;submenu_icon&quot;:{&quot;value&quot;:&quot;&lt;i class=\\&quot;fas fa-caret-down\\&quot; aria-hidden=\\&quot;true\\&quot;&gt;&lt;\\\/i&gt;&quot;,&quot;library&quot;:&quot;fa-solid&quot;},&quot;toggle&quot;:&quot;burger&quot;}\" data-widget_type=\"nav-menu.default\">\n\t\t\t\t<div class=\"elementor-widget-container\">\n\t\t\t\t\t\t\t\t<nav aria-label=\"Men\u00fc\" class=\"elementor-nav-menu--main elementor-nav-menu__container elementor-nav-menu--layout-horizontal e--pointer-underline e--animation-fade\">\n\t\t\t\t<ul id=\"menu-1-1575c071\" class=\"elementor-nav-menu\"><li class=\"menu-item menu-item-type-post_type menu-item-object-page menu-item-home menu-item-248\"><a href=\"http:\/\/tt-construction-cameroun.com\/de\/\" class=\"elementor-item\">Home<\/a><\/li>\n<li class=\"menu-item menu-item-type-post_type menu-item-object-page menu-item-267\"><a href=\"http:\/\/tt-construction-cameroun.com\/de\/a-propos\" class=\"elementor-item\">\u00dcBER UNS<\/a><\/li>\n<li class=\"menu-item menu-item-type-post_type menu-item-object-page menu-item-268\"><a href=\"http:\/\/tt-construction-cameroun.com\/de\/projets\" class=\"elementor-item\">Projekte<\/a><\/li>\n<li class=\"menu-item menu-item-type-post_type menu-item-object-page menu-item-269\"><a href=\"http:\/\/tt-construction-cameroun.com\/de\/services\" class=\"elementor-item\">Dienstleistungen<\/a><\/li>\n<li class=\"menu-item menu-item-type-post_type menu-item-object-page menu-item-1033\"><a href=\"http:\/\/tt-construction-cameroun.com\/de\/blog_summary\" class=\"elementor-item\">Blog<\/a><\/li>\n<li class=\"menu-item menu-item-type-post_type menu-item-object-page menu-item-271\"><a href=\"http:\/\/tt-construction-cameroun.com\/de\/contact\" class=\"elementor-item\">Kontakt<\/a><\/li>\n<li class=\"trp-language-switcher-container menu-item menu-item-type-post_type menu-item-object-language_switcher current-language-menu-item menu-item-924\"><a href=\"http:\/\/tt-construction-cameroun.com\/de\/wp-json\/wp\/v2\/pages\/697\" class=\"elementor-item elementor-item-anchor\"><span data-no-translation><img decoding=\"async\" class=\"trp-flag-image\" src=\"http:\/\/tt-construction-cameroun.com\/wp-content\/plugins\/translatepress-multilingual\/assets\/images\/flags\/fr_FR.png\" width=\"18\" height=\"12\" alt=\"fr_FR\" title=\"French\"><\/span><\/a><\/li>\n<li class=\"trp-language-switcher-container menu-item menu-item-type-post_type menu-item-object-language_switcher current-language-menu-item menu-item-903\"><a href=\"http:\/\/tt-construction-cameroun.com\/de\/wp-json\/wp\/v2\/pages\/697\" class=\"elementor-item elementor-item-anchor\"><span data-no-translation><img decoding=\"async\" class=\"trp-flag-image\" src=\"http:\/\/tt-construction-cameroun.com\/wp-content\/plugins\/translatepress-multilingual\/assets\/images\/flags\/en_GB.png\" width=\"18\" height=\"12\" alt=\"en_GB\" title=\"English\"><\/span><\/a><\/li>\n<li class=\"trp-language-switcher-container menu-item menu-item-type-post_type menu-item-object-language_switcher current-language-menu-item menu-item-902\"><a href=\"http:\/\/tt-construction-cameroun.com\/de\/wp-json\/wp\/v2\/pages\/697\" class=\"elementor-item elementor-item-anchor\"><span data-no-translation><img loading=\"lazy\" decoding=\"async\" class=\"trp-flag-image\" src=\"http:\/\/tt-construction-cameroun.com\/wp-content\/plugins\/translatepress-multilingual\/assets\/images\/flags\/de_DE.png\" width=\"18\" height=\"12\" alt=\"de_DE\" title=\"German\"><\/span><\/a><\/li>\n<\/ul>\t\t\t<\/nav>\n\t\t\t\t\t<div class=\"elementor-menu-toggle\" role=\"button\" tabindex=\"0\" aria-label=\"Men\u00fc Umschalter\" aria-expanded=\"false\">\n\t\t\t<i aria-hidden=\"true\" role=\"presentation\" class=\"elementor-menu-toggle__icon--open eicon-menu-bar\"><\/i><i aria-hidden=\"true\" role=\"presentation\" class=\"elementor-menu-toggle__icon--close eicon-close\"><\/i>\t\t<\/div>\n\t\t\t\t\t<nav class=\"elementor-nav-menu--dropdown elementor-nav-menu__container\" aria-hidden=\"true\">\n\t\t\t\t<ul id=\"menu-2-1575c071\" class=\"elementor-nav-menu\"><li class=\"menu-item menu-item-type-post_type menu-item-object-page menu-item-home menu-item-248\"><a href=\"http:\/\/tt-construction-cameroun.com\/de\/\" class=\"elementor-item\" tabindex=\"-1\">Home<\/a><\/li>\n<li class=\"menu-item menu-item-type-post_type menu-item-object-page menu-item-267\"><a href=\"http:\/\/tt-construction-cameroun.com\/de\/a-propos\" class=\"elementor-item\" tabindex=\"-1\">\u00dcBER UNS<\/a><\/li>\n<li class=\"menu-item menu-item-type-post_type menu-item-object-page menu-item-268\"><a href=\"http:\/\/tt-construction-cameroun.com\/de\/projets\" class=\"elementor-item\" tabindex=\"-1\">Projekte<\/a><\/li>\n<li class=\"menu-item menu-item-type-post_type menu-item-object-page menu-item-269\"><a href=\"http:\/\/tt-construction-cameroun.com\/de\/services\" class=\"elementor-item\" tabindex=\"-1\">Dienstleistungen<\/a><\/li>\n<li class=\"menu-item menu-item-type-post_type menu-item-object-page menu-item-1033\"><a href=\"http:\/\/tt-construction-cameroun.com\/de\/blog_summary\" class=\"elementor-item\" tabindex=\"-1\">Blog<\/a><\/li>\n<li class=\"menu-item menu-item-type-post_type menu-item-object-page menu-item-271\"><a href=\"http:\/\/tt-construction-cameroun.com\/de\/contact\" class=\"elementor-item\" tabindex=\"-1\">Kontakt<\/a><\/li>\n<li class=\"trp-language-switcher-container menu-item menu-item-type-post_type menu-item-object-language_switcher current-language-menu-item menu-item-924\"><a href=\"http:\/\/tt-construction-cameroun.com\/de\/wp-json\/wp\/v2\/pages\/697\" class=\"elementor-item elementor-item-anchor\" tabindex=\"-1\"><span data-no-translation><img decoding=\"async\" class=\"trp-flag-image\" src=\"http:\/\/tt-construction-cameroun.com\/wp-content\/plugins\/translatepress-multilingual\/assets\/images\/flags\/fr_FR.png\" width=\"18\" height=\"12\" alt=\"fr_FR\" title=\"French\"><\/span><\/a><\/li>\n<li class=\"trp-language-switcher-container menu-item menu-item-type-post_type menu-item-object-language_switcher current-language-menu-item menu-item-903\"><a href=\"http:\/\/tt-construction-cameroun.com\/de\/wp-json\/wp\/v2\/pages\/697\" class=\"elementor-item elementor-item-anchor\" tabindex=\"-1\"><span data-no-translation><img decoding=\"async\" class=\"trp-flag-image\" src=\"http:\/\/tt-construction-cameroun.com\/wp-content\/plugins\/translatepress-multilingual\/assets\/images\/flags\/en_GB.png\" width=\"18\" height=\"12\" alt=\"en_GB\" title=\"English\"><\/span><\/a><\/li>\n<li class=\"trp-language-switcher-container menu-item menu-item-type-post_type menu-item-object-language_switcher current-language-menu-item menu-item-902\"><a href=\"http:\/\/tt-construction-cameroun.com\/de\/wp-json\/wp\/v2\/pages\/697\" class=\"elementor-item elementor-item-anchor\" tabindex=\"-1\"><span data-no-translation><img loading=\"lazy\" decoding=\"async\" class=\"trp-flag-image\" src=\"http:\/\/tt-construction-cameroun.com\/wp-content\/plugins\/translatepress-multilingual\/assets\/images\/flags\/de_DE.png\" width=\"18\" height=\"12\" alt=\"de_DE\" title=\"German\"><\/span><\/a><\/li>\n<\/ul>\t\t\t<\/nav>\n\t\t\t\t\t\t<\/div>\n\t\t\t\t<\/div>\n\t\t\t\t\t<\/div>\n\t\t<\/div>\n\t\t\t\t<div class=\"elementor-column elementor-col-25 elementor-top-column elementor-element elementor-element-6784821d\" data-id=\"6784821d\" data-element_type=\"column\" data-e-type=\"column\">\n\t\t\t<div class=\"elementor-widget-wrap\">\n\t\t\t\t\t\t\t<\/div>\n\t\t<\/div>\n\t\t\t\t\t<\/div>\n\t\t<\/header>\n\t\t\t\t<section class=\"elementor-section elementor-top-section elementor-element elementor-element-ac8dda6 elementor-section-boxed elementor-section-height-default elementor-section-height-default\" data-id=\"ac8dda6\" data-element_type=\"section\" data-e-type=\"section\">\n\t\t\t\t\t\t<div class=\"elementor-container elementor-column-gap-default\">\n\t\t\t\t\t<div class=\"elementor-column elementor-col-100 elementor-top-column elementor-element elementor-element-5bf948d\" data-id=\"5bf948d\" data-element_type=\"column\" data-e-type=\"column\">\n\t\t\t<div class=\"elementor-widget-wrap elementor-element-populated\">\n\t\t\t\t\t\t<div class=\"elementor-element elementor-element-92eda2c elementor-widget elementor-widget-heading\" data-id=\"92eda2c\" data-element_type=\"widget\" data-e-type=\"widget\" data-widget_type=\"heading.default\">\n\t\t\t\t<div class=\"elementor-widget-container\">\n\t\t\t\t\t<h2 class=\"elementor-heading-title elementor-size-default\">Datenschutz-Bestimmungen<\/h2>\t\t\t\t<\/div>\n\t\t\t\t<\/div>\n\t\t\t\t<section class=\"elementor-section elementor-inner-section elementor-element elementor-element-e492508 elementor-section-boxed elementor-section-height-default elementor-section-height-default\" data-id=\"e492508\" data-element_type=\"section\" data-e-type=\"section\">\n\t\t\t\t\t\t<div class=\"elementor-container elementor-column-gap-default\">\n\t\t\t\t\t<div class=\"elementor-column elementor-col-100 elementor-inner-column elementor-element elementor-element-6a44eec\" data-id=\"6a44eec\" data-element_type=\"column\" data-e-type=\"column\">\n\t\t\t<div class=\"elementor-widget-wrap elementor-element-populated\">\n\t\t\t\t\t\t<div class=\"elementor-element elementor-element-5614385 elementor-widget elementor-widget-text-editor\" data-id=\"5614385\" data-element_type=\"widget\" data-e-type=\"widget\" data-widget_type=\"text-editor.default\">\n\t\t\t\t<div class=\"elementor-widget-container\">\n\t\t\t\t\t\t\t\t\t<p>Diese Datenschutzrichtlinie basiert auf der EU-Datenschutzverordnung 2016\/679 (DSGVO) sowie Ihrer Einwilligung nach Aufkl\u00e4rung. Ziel ist es, Sie \u00fcber die Verarbeitung Ihrer personenbezogenen Daten zu informieren.<\/p><p>Diese Datenschutzrichtlinie gilt nur f\u00fcr Informationen, die von dieser Website gesammelt werden, obwohl diese Website m\u00f6glicherweise Links zu anderen externen Websites enth\u00e4lt. Sie verstehen, dass wir nicht garantieren k\u00f6nnen, dass diese Websites in Bezug auf die Wahrung der Privatsph\u00e4re dieselben Richtlinien wie wir anwenden. Aus diesem Grund empfehlen wir Ihnen, bevor Sie Ihre pers\u00f6nlichen Daten mitteilen, die Datenschutzbestimmungen der weiteren  Websites zu lesen, zu denen Sie \u00fcber unsere Webseite weitergeleitet werden.<\/p><p>Wir behalten uns das Recht vor, diese Datenschutzbestimmungen jederzeit zu \u00e4ndern. Diese \u00c4nderungen werden sofort wirksam. Bei jeder neuen Nutzung dieser Website unterwerfen Sie sich jedoch der geltenden Datenschutzbestimmungen.<\/p><p>Wir laden Sie au\u00dferdem ein, diese Seite regelm\u00e4\u00dfig erneut zu lesen, um Ihre Zustimmung zu erhalten.<\/p><h3>Welche Informationen werden auf dieser Website gesammelt?<\/h3><p>Beim Besuch einer Website bleiben Sie anonym. Die w\u00e4hrend Ihres Surfens gesammelten Informationen werden verwendet, um Ihr Verhalten auf dieser Website und Ihre Nutzung dieser Webseite zu analysieren, um Ihre Benutzererfahrung zu verbessern.<\/p><p>Die sonstigen von uns erhobenen personenbezogenen Daten wie Name, Vorname, Postanschrift, Telefonnummer oder E-Mail-Adresse werden nur erhoben, wenn Sie uns diese mitteilen, beispielsweise bei der Anmeldung zu unserem Newsletter, als Teil der Verwaltung Ihrer Angebotsanfrage oder wenn Sie kontaktiert werden m\u00f6chten.<\/p><p>Wir verpflichten uns auch, nur die Informationen zu erheben, die zur Bearbeitung Ihrer Anfrage unbedingt erforderlich sind.<\/p><h3>Warum sammeln wir Ihre pers\u00f6nlichen Daten?<\/h3><p>Wir sammeln Ihre pers\u00f6nlichen Daten, um:<\/p><ul><li>Kundenbeziehungsmanagement (Angebot, Bestellung, Kauf, Informationsanfrage usw.) zu gestalten,<\/li><li>unsere Informationen (Newsletter, ...) zu erhalten.<\/li><\/ul><h3>Wie werden Ihre pers\u00f6nlichen Daten verwendet?<\/h3><p>Wir verpflichten uns, die strikte Vertraulichkeit Ihrer pers\u00f6nlichen Daten zu respektieren und sie nur f\u00fcr die Zwecke zu verwenden, f\u00fcr die Sie sich bereit erkl\u00e4rt haben. Sie werden jedoch nicht l\u00e4nger als n\u00f6tig aufbewahrt, dh f\u00fcr die Dauer unserer Zusammenarbeit zuz\u00fcglich der gesetzlichen Verj\u00e4hrungsfrist. Danach werden sie gel\u00f6scht.<\/p><p>M\u00f6glicherweise m\u00fcssen wir Ihre Daten an Dritte, wie unseren IT-Dienstleister, unseren Provider usw. weiterleiten. Wir garantieren jedoch, dass die Daten mit gr\u00f6\u00dfter Sorgfalt und maximaler Sicherheit \u00fcbertragen und verarbeitet werden.<\/p><h3>Was sind Ihre Rechte?<\/h3><p>Sie haben das Recht, uns keine personenbezogenen Daten mitteilen zu wollen. In diesem Fall k\u00f6nnen Sie auf dieser Website navigieren, haben jedoch nicht Zugriff auf alle Funktionen (z.B den Newsletter abonnieren, um erneute Kontaktaufnahme bitten, R\u00fcckfragen  ...)<\/p><p>Sie haben das Recht, auf Ihre personenbezogenen Daten zuzugreifen, sie zu korrigieren und zu l\u00f6schen. Sie k\u00f6nnen dieses Recht beispielsweise aus\u00fcben, indem Sie die Daten aktualisieren oder uns auffordern, sie zu berichtigen, zu vervollst\u00e4ndigen, zu aktualisieren, zu sperren, oder uns aufzufordern, dass Ihre Informationen nicht mehr in unserer Verteilerliste erscheinen, indem Sie uns unter der folgenden Adresse kontaktieren:\u00a0<a href=\"mailto:c.tchitchi@tt-construction-cameroun.com\">c.tchitchi@tt-construction-cameroun.com<\/a> Hierf\u00fcr m\u00fcssen Sie Ihrer Anfrage zur \u00c4nderung  \/ Aktualisierung \/ L\u00f6schung Ihrer Daten eine Kopie eines g\u00fcltigen Ausweises (Personalausweis, Reisepass oder F\u00fchrerschein) beif\u00fcgen.<\/p><p>Sie haben das Recht, eine Beschwerde bei den zust\u00e4ndigen Beh\u00f6rden einzureichen, wenn Sie dies f\u00fcr erforderlich halten. In diesem Fall laden wir Sie ein, die Website zu konsultieren, um die Ausf\u00fchrungsmodalit\u00e4ten zu kennen.<\/p><p>Sie haben auch ein Recht auf Daten\u00fcbertragung Ihrer personenbezogenen Daten. Sie k\u00f6nnen unter der gleichen Adresse wie oben verlangen, dass wir alle personenbezogenen Daten, die Sie uns zur Verf\u00fcgung gestellt haben, auf einem verwendbaren Datentr\u00e4ger an Sie zur\u00fccksenden, um sie beispielsweise an Dritte weiterzugeben.<\/p><p>Schlie\u00dflich haben Sie ein Widerspruchsrecht gegen die Verarbeitung Ihrer Daten aus berechtigten Gr\u00fcnden sowie ein Widerspruchsrecht gegen die Verwendung dieser Daten zu anderen als den von Ihnen eingewilligten Zwecken. Sie k\u00f6nnen dieses Recht aus\u00fcben, indem Sie sich unter den hier angegebenen Adresse an den Verantwortlichen wenden:\u00a0<a href=\"mailto:c.tchitchi@tt-construction-cameroun.com\">c.tchitchi@tt-construction-cameroun.com<\/a><\/p><h3>Was ist, wenn ich noch Fragen habe?<\/h3><p>Wenn Sie Fragen zu diesen Datenschutzbestimmungen oder Ihren pers\u00f6nlichen Daten haben, z\u00f6gern Sie bitte nicht, uns zu kontaktieren unter:\u00a0<a href=\"mailto:c.tchitchi@tt-construction-cameroun.com\">c.tchitchi@tt-construction-cameroun.com<\/a> oder per Post BP 11200 Newbell Douala.<\/p>\t\t\t\t\t\t\t\t<\/div>\n\t\t\t\t<\/div>\n\t\t\t\t\t<\/div>\n\t\t<\/div>\n\t\t\t\t\t<\/div>\n\t\t<\/section>\n\t\t\t\t\t<\/div>\n\t\t<\/div>\n\t\t\t\t\t<\/div>\n\t\t<\/section>\n\t\t\t\t<\/div>","protected":false},"excerpt":{"rendered":"<p>Politique de confidentialit\u00e9 La pr\u00e9sente politique de confidentialit\u00e9 est fond\u00e9e sur le R\u00e8glement UE 2016\/679 relatif \u00e0 la protection des donn\u00e9es (RGPD) ainsi que sur votre consentement \u00e9clair\u00e9. Elle a pour objectif de vous informer sur le traitement de vos donn\u00e9es \u00e0 caract\u00e8re personnel. Cette politique de confidentialit\u00e9 ne s\u2019applique qu\u2019aux renseignements recueillis par le [&hellip;]<\/p>\n","protected":false},"author":1,"featured_media":0,"parent":0,"menu_order":0,"comment_status":"closed","ping_status":"closed","template":"elementor_canvas","meta":{"footnotes":""},"class_list":["post-697","page","type-page","status-publish","hentry"],"_links":{"self":[{"href":"http:\/\/tt-construction-cameroun.com\/de\/wp-json\/wp\/v2\/pages\/697","targetHints":{"allow":["GET"]}}],"collection":[{"href":"http:\/\/tt-construction-cameroun.com\/de\/wp-json\/wp\/v2\/pages"}],"about":[{"href":"http:\/\/tt-construction-cameroun.com\/de\/wp-json\/wp\/v2\/types\/page"}],"author":[{"embeddable":true,"href":"http:\/\/tt-construction-cameroun.com\/de\/wp-json\/wp\/v2\/users\/1"}],"replies":[{"embeddable":true,"href":"http:\/\/tt-construction-cameroun.com\/de\/wp-json\/wp\/v2\/comments?post=697"}],"version-history":[{"count":4,"href":"http:\/\/tt-construction-cameroun.com\/de\/wp-json\/wp\/v2\/pages\/697\/revisions"}],"predecessor-version":[{"id":701,"href":"http:\/\/tt-construction-cameroun.com\/de\/wp-json\/wp\/v2\/pages\/697\/revisions\/701"}],"wp:attachment":[{"href":"http:\/\/tt-construction-cameroun.com\/de\/wp-json\/wp\/v2\/media?parent=697"}],"curies":[{"name":"wp","href":"https:\/\/api.w.org\/{rel}","templated":true}]}}