{"id":697,"date":"2021-05-01T11:10:41","date_gmt":"2021-05-01T11:10:41","guid":{"rendered":"http:\/\/tt-construction-cameroun.com\/?page_id=697"},"modified":"2021-05-01T11:14:05","modified_gmt":"2021-05-01T11:14:05","slug":"politique-de-confidentialite","status":"publish","type":"page","link":"http:\/\/tt-construction-cameroun.com\/en\/politique-de-confidentialite","title":{"rendered":"Privacy Policy"},"content":{"rendered":"<div data-elementor-type=\"wp-page\" data-elementor-id=\"697\" class=\"elementor elementor-697\" data-elementor-post-type=\"page\">\n\t\t\t\t\t\t<header class=\"elementor-section elementor-top-section elementor-element elementor-element-193d6ddf elementor-section-content-middle elementor-section-height-min-height elementor-section-full_width elementor-section-height-default elementor-section-items-middle\" data-id=\"193d6ddf\" data-element_type=\"section\" data-e-type=\"section\" data-settings=\"{&quot;background_background&quot;:&quot;classic&quot;}\">\n\t\t\t\t\t\t<div class=\"elementor-container elementor-column-gap-no\">\n\t\t\t\t\t<div class=\"elementor-column elementor-col-25 elementor-top-column elementor-element elementor-element-4d53feac\" data-id=\"4d53feac\" data-element_type=\"column\" data-e-type=\"column\">\n\t\t\t<div class=\"elementor-widget-wrap elementor-element-populated\">\n\t\t\t\t\t\t<div class=\"elementor-element elementor-element-56b0f384 elementor-widget elementor-widget-theme-site-logo elementor-widget-image\" data-id=\"56b0f384\" data-element_type=\"widget\" data-e-type=\"widget\" data-widget_type=\"theme-site-logo.default\">\n\t\t\t\t<div class=\"elementor-widget-container\">\n\t\t\t\t\t\t\t\t\t\t\t<a href=\"http:\/\/tt-construction-cameroun.com\/en\">\n\t\t\t<img fetchpriority=\"high\" decoding=\"async\" width=\"350\" height=\"150\" src=\"https:\/\/tt-construction-cameroun.com\/wp-content\/uploads\/2021\/04\/logo_small1_web.png\" class=\"attachment-full size-full wp-image-61\" alt=\"\" srcset=\"https:\/\/tt-construction-cameroun.com\/wp-content\/uploads\/2021\/04\/logo_small1_web.png 350w, https:\/\/tt-construction-cameroun.com\/wp-content\/uploads\/2021\/04\/logo_small1_web-300x129.png 300w\" sizes=\"(max-width: 350px) 100vw, 350px\" \/>\t\t\t\t<\/a>\n\t\t\t\t\t\t\t\t\t\t\t<\/div>\n\t\t\t\t<\/div>\n\t\t\t\t\t<\/div>\n\t\t<\/div>\n\t\t\t\t<div class=\"elementor-column elementor-col-50 elementor-top-column elementor-element elementor-element-278e5aa\" data-id=\"278e5aa\" data-element_type=\"column\" data-e-type=\"column\">\n\t\t\t<div class=\"elementor-widget-wrap elementor-element-populated\">\n\t\t\t\t\t\t<div class=\"elementor-element elementor-element-1575c071 elementor-nav-menu__align-end elementor-nav-menu--stretch elementor-nav-menu--dropdown-tablet elementor-nav-menu__text-align-aside elementor-nav-menu--toggle elementor-nav-menu--burger elementor-widget elementor-widget-nav-menu\" data-id=\"1575c071\" data-element_type=\"widget\" data-e-type=\"widget\" data-settings=\"{&quot;full_width&quot;:&quot;stretch&quot;,&quot;layout&quot;:&quot;horizontal&quot;,&quot;submenu_icon&quot;:{&quot;value&quot;:&quot;&lt;i class=\\&quot;fas fa-caret-down\\&quot; aria-hidden=\\&quot;true\\&quot;&gt;&lt;\\\/i&gt;&quot;,&quot;library&quot;:&quot;fa-solid&quot;},&quot;toggle&quot;:&quot;burger&quot;}\" data-widget_type=\"nav-menu.default\">\n\t\t\t\t<div class=\"elementor-widget-container\">\n\t\t\t\t\t\t\t\t<nav aria-label=\"Menu\" class=\"elementor-nav-menu--main elementor-nav-menu__container elementor-nav-menu--layout-horizontal e--pointer-underline e--animation-fade\">\n\t\t\t\t<ul id=\"menu-1-1575c071\" class=\"elementor-nav-menu\"><li class=\"menu-item menu-item-type-post_type menu-item-object-page menu-item-home menu-item-248\"><a href=\"http:\/\/tt-construction-cameroun.com\/en\/\" class=\"elementor-item\">Home<\/a><\/li>\n<li class=\"menu-item menu-item-type-post_type menu-item-object-page menu-item-267\"><a href=\"http:\/\/tt-construction-cameroun.com\/en\/a-propos\" class=\"elementor-item\">ABOUT<\/a><\/li>\n<li class=\"menu-item menu-item-type-post_type menu-item-object-page menu-item-268\"><a href=\"http:\/\/tt-construction-cameroun.com\/en\/projets\" class=\"elementor-item\">Projects<\/a><\/li>\n<li class=\"menu-item menu-item-type-post_type menu-item-object-page menu-item-269\"><a href=\"http:\/\/tt-construction-cameroun.com\/en\/services\" class=\"elementor-item\">Our services<\/a><\/li>\n<li class=\"menu-item menu-item-type-post_type menu-item-object-page menu-item-1033\"><a href=\"http:\/\/tt-construction-cameroun.com\/en\/blog_summary\" class=\"elementor-item\">Blog<\/a><\/li>\n<li class=\"menu-item menu-item-type-post_type menu-item-object-page menu-item-271\"><a href=\"http:\/\/tt-construction-cameroun.com\/en\/contact\" class=\"elementor-item\">Contact<\/a><\/li>\n<li class=\"trp-language-switcher-container menu-item menu-item-type-post_type menu-item-object-language_switcher current-language-menu-item menu-item-924\"><a href=\"http:\/\/tt-construction-cameroun.com\/en\/wp-json\/wp\/v2\/pages\/697\" class=\"elementor-item elementor-item-anchor\"><span data-no-translation><img decoding=\"async\" class=\"trp-flag-image\" src=\"http:\/\/tt-construction-cameroun.com\/wp-content\/plugins\/translatepress-multilingual\/assets\/images\/flags\/fr_FR.png\" width=\"18\" height=\"12\" alt=\"fr_FR\" title=\"French\"><\/span><\/a><\/li>\n<li class=\"trp-language-switcher-container menu-item menu-item-type-post_type menu-item-object-language_switcher current-language-menu-item menu-item-903\"><a href=\"http:\/\/tt-construction-cameroun.com\/en\/wp-json\/wp\/v2\/pages\/697\" class=\"elementor-item elementor-item-anchor\"><span data-no-translation><img decoding=\"async\" class=\"trp-flag-image\" src=\"http:\/\/tt-construction-cameroun.com\/wp-content\/plugins\/translatepress-multilingual\/assets\/images\/flags\/en_GB.png\" width=\"18\" height=\"12\" alt=\"en_GB\" title=\"English\"><\/span><\/a><\/li>\n<li class=\"trp-language-switcher-container menu-item menu-item-type-post_type menu-item-object-language_switcher current-language-menu-item menu-item-902\"><a href=\"http:\/\/tt-construction-cameroun.com\/en\/wp-json\/wp\/v2\/pages\/697\" class=\"elementor-item elementor-item-anchor\"><span data-no-translation><img loading=\"lazy\" decoding=\"async\" class=\"trp-flag-image\" src=\"http:\/\/tt-construction-cameroun.com\/wp-content\/plugins\/translatepress-multilingual\/assets\/images\/flags\/de_DE.png\" width=\"18\" height=\"12\" alt=\"de_DE\" title=\"German\"><\/span><\/a><\/li>\n<\/ul>\t\t\t<\/nav>\n\t\t\t\t\t<div class=\"elementor-menu-toggle\" role=\"button\" tabindex=\"0\" aria-label=\"Menu Toggle\" aria-expanded=\"false\">\n\t\t\t<i aria-hidden=\"true\" role=\"presentation\" class=\"elementor-menu-toggle__icon--open eicon-menu-bar\"><\/i><i aria-hidden=\"true\" role=\"presentation\" class=\"elementor-menu-toggle__icon--close eicon-close\"><\/i>\t\t<\/div>\n\t\t\t\t\t<nav class=\"elementor-nav-menu--dropdown elementor-nav-menu__container\" aria-hidden=\"true\">\n\t\t\t\t<ul id=\"menu-2-1575c071\" class=\"elementor-nav-menu\"><li class=\"menu-item menu-item-type-post_type menu-item-object-page menu-item-home menu-item-248\"><a href=\"http:\/\/tt-construction-cameroun.com\/en\/\" class=\"elementor-item\" tabindex=\"-1\">Home<\/a><\/li>\n<li class=\"menu-item menu-item-type-post_type menu-item-object-page menu-item-267\"><a href=\"http:\/\/tt-construction-cameroun.com\/en\/a-propos\" class=\"elementor-item\" tabindex=\"-1\">ABOUT<\/a><\/li>\n<li class=\"menu-item menu-item-type-post_type menu-item-object-page menu-item-268\"><a href=\"http:\/\/tt-construction-cameroun.com\/en\/projets\" class=\"elementor-item\" tabindex=\"-1\">Projects<\/a><\/li>\n<li class=\"menu-item menu-item-type-post_type menu-item-object-page menu-item-269\"><a href=\"http:\/\/tt-construction-cameroun.com\/en\/services\" class=\"elementor-item\" tabindex=\"-1\">Our services<\/a><\/li>\n<li class=\"menu-item menu-item-type-post_type menu-item-object-page menu-item-1033\"><a href=\"http:\/\/tt-construction-cameroun.com\/en\/blog_summary\" class=\"elementor-item\" tabindex=\"-1\">Blog<\/a><\/li>\n<li class=\"menu-item menu-item-type-post_type menu-item-object-page menu-item-271\"><a href=\"http:\/\/tt-construction-cameroun.com\/en\/contact\" class=\"elementor-item\" tabindex=\"-1\">Contact<\/a><\/li>\n<li class=\"trp-language-switcher-container menu-item menu-item-type-post_type menu-item-object-language_switcher current-language-menu-item menu-item-924\"><a href=\"http:\/\/tt-construction-cameroun.com\/en\/wp-json\/wp\/v2\/pages\/697\" class=\"elementor-item elementor-item-anchor\" tabindex=\"-1\"><span data-no-translation><img decoding=\"async\" class=\"trp-flag-image\" src=\"http:\/\/tt-construction-cameroun.com\/wp-content\/plugins\/translatepress-multilingual\/assets\/images\/flags\/fr_FR.png\" width=\"18\" height=\"12\" alt=\"fr_FR\" title=\"French\"><\/span><\/a><\/li>\n<li class=\"trp-language-switcher-container menu-item menu-item-type-post_type menu-item-object-language_switcher current-language-menu-item menu-item-903\"><a href=\"http:\/\/tt-construction-cameroun.com\/en\/wp-json\/wp\/v2\/pages\/697\" class=\"elementor-item elementor-item-anchor\" tabindex=\"-1\"><span data-no-translation><img decoding=\"async\" class=\"trp-flag-image\" src=\"http:\/\/tt-construction-cameroun.com\/wp-content\/plugins\/translatepress-multilingual\/assets\/images\/flags\/en_GB.png\" width=\"18\" height=\"12\" alt=\"en_GB\" title=\"English\"><\/span><\/a><\/li>\n<li class=\"trp-language-switcher-container menu-item menu-item-type-post_type menu-item-object-language_switcher current-language-menu-item menu-item-902\"><a href=\"http:\/\/tt-construction-cameroun.com\/en\/wp-json\/wp\/v2\/pages\/697\" class=\"elementor-item elementor-item-anchor\" tabindex=\"-1\"><span data-no-translation><img loading=\"lazy\" decoding=\"async\" class=\"trp-flag-image\" src=\"http:\/\/tt-construction-cameroun.com\/wp-content\/plugins\/translatepress-multilingual\/assets\/images\/flags\/de_DE.png\" width=\"18\" height=\"12\" alt=\"de_DE\" title=\"German\"><\/span><\/a><\/li>\n<\/ul>\t\t\t<\/nav>\n\t\t\t\t\t\t<\/div>\n\t\t\t\t<\/div>\n\t\t\t\t\t<\/div>\n\t\t<\/div>\n\t\t\t\t<div class=\"elementor-column elementor-col-25 elementor-top-column elementor-element elementor-element-6784821d\" data-id=\"6784821d\" data-element_type=\"column\" data-e-type=\"column\">\n\t\t\t<div class=\"elementor-widget-wrap\">\n\t\t\t\t\t\t\t<\/div>\n\t\t<\/div>\n\t\t\t\t\t<\/div>\n\t\t<\/header>\n\t\t\t\t<section class=\"elementor-section elementor-top-section elementor-element elementor-element-ac8dda6 elementor-section-boxed elementor-section-height-default elementor-section-height-default\" data-id=\"ac8dda6\" data-element_type=\"section\" data-e-type=\"section\">\n\t\t\t\t\t\t<div class=\"elementor-container elementor-column-gap-default\">\n\t\t\t\t\t<div class=\"elementor-column elementor-col-100 elementor-top-column elementor-element elementor-element-5bf948d\" data-id=\"5bf948d\" data-element_type=\"column\" data-e-type=\"column\">\n\t\t\t<div class=\"elementor-widget-wrap elementor-element-populated\">\n\t\t\t\t\t\t<div class=\"elementor-element elementor-element-92eda2c elementor-widget elementor-widget-heading\" data-id=\"92eda2c\" data-element_type=\"widget\" data-e-type=\"widget\" data-widget_type=\"heading.default\">\n\t\t\t\t<div class=\"elementor-widget-container\">\n\t\t\t\t\t<h2 class=\"elementor-heading-title elementor-size-default\">Privacy Policy<\/h2>\t\t\t\t<\/div>\n\t\t\t\t<\/div>\n\t\t\t\t<section class=\"elementor-section elementor-inner-section elementor-element elementor-element-e492508 elementor-section-boxed elementor-section-height-default elementor-section-height-default\" data-id=\"e492508\" data-element_type=\"section\" data-e-type=\"section\">\n\t\t\t\t\t\t<div class=\"elementor-container elementor-column-gap-default\">\n\t\t\t\t\t<div class=\"elementor-column elementor-col-100 elementor-inner-column elementor-element elementor-element-6a44eec\" data-id=\"6a44eec\" data-element_type=\"column\" data-e-type=\"column\">\n\t\t\t<div class=\"elementor-widget-wrap elementor-element-populated\">\n\t\t\t\t\t\t<div class=\"elementor-element elementor-element-5614385 elementor-widget elementor-widget-text-editor\" data-id=\"5614385\" data-element_type=\"widget\" data-e-type=\"widget\" data-widget_type=\"text-editor.default\">\n\t\t\t\t<div class=\"elementor-widget-container\">\n\t\t\t\t\t\t\t\t\t<p>This privacy policy is based on EU Data Protection Regulation 2016\/679 (GDPR) as well as your informed consent. Its purpose is to inform you about the processing of your personal data.<\/p><p>This privacy policy applies only to information collected by this site, although this site may contain links to other external sites. You understand that we can not guarantee that these sites apply the same policy as us in terms of respect for privacy, which is why we urge you to read the confidentiality policies of the websites that you may be brought to (e ) to visit from it before handing over your personal data.<\/p><p>We reserve the right to modify this privacy policy at any time, such modifications taking effect immediately. However, with each new use of this site, you submit to the confidentiality policy in force.<\/p><p>Also, we invite you to re-read this page regularly in order to maintain your consent.<\/p><h3>What information is collected on this site?<\/h3><p>When you visit a website, you remain anonymous. The information collected during your browsing is used to analyze your behavior on this site and the use you have of it in order to improve your user experience.<\/p><p>The other personal data that we collect, such as your last name, first name, postal address, telephone number or e-mail address, are only collected if you agree to provide them to us, for example when you subscribe to our newsletter, as part of the management of your quote request or if you wish to be contacted.<\/p><p>We also undertake to collect only the information strictly necessary to process your request.<\/p><h3>Why do we collect your personal data?<\/h3><p>We collect your personal data in order to:<\/p><ul><li>Customer relationship management (quote, order, purchase, request for information, etc.)<\/li><li>Follow our information (newsletter, ...)<\/li><\/ul><h3>How are your personal data used?<\/h3><p>We undertake to respect the strict confidentiality of your personal data and to use them only for the purposes for which you have agreed to communicate them to us. However, they will not be kept longer than necessary, that is, for the duration of our collaboration plus the statutory limitation period. After which, they will be destroyed.<\/p><p>We may need to transfer them to third parties such as our IT service provider, our host, etc. However, we guarantee that they will be transferred according to a secure protocol and processed by them with the utmost care and maximum security.<\/p><h3>what are your rights?<\/h3><p>You have the right not to want to communicate personal data to us. In this case, you will be able to navigate on this site, however you will not have access to all of its functionalities (subscribe to the newsletter for example, ask to be contacted again, ...)<\/p><p>You have the right to access, correct and withdraw your personal data. You can exercise this right, for example by updating them, asking us to rectify them, complete them, update them, lock them or by asking us that your information no longer appear on our list of distribution, by contacting us at the following address\u00a0<a href=\"mailto:c.tchitchi@tt-construction-cameroun.com\">c.tchitchi@tt-construction-cameroun.com<\/a> and by attaching to your request a copy of a valid identity document (identity card, passport or driving license).<\/p><p>You have the right to lodge a complaint with the competent authorities if you consider it necessary. In this case, we invite you to consult their website for the purpose of knowing the modalities of execution.<\/p><p>You also have a right to the portability of your personal data. You can, at the same address as above, request that we return to you on a usable medium all the personal data that you have provided to us with a view, for example, to transferring them to a third party.<\/p><p>Finally, you have a right to object to the processing of your data for legitimate reasons as well as a right to object to this data being used for purposes other than those to which you have consented. You can use this right by contacting the data controller at the address given here\u00a0<a href=\"mailto:c.tchitchi@tt-construction-cameroun.com\">c.tchitchi@tt-construction-cameroun.com<\/a><\/p><h3>What if I still have questions?<\/h3><p>If you have any questions regarding this privacy policy or your personal data, please do not hesitate to contact us at\u00a0<a href=\"mailto:c.tchitchi@tt-construction-cameroun.com\">c.tchitchi@tt-construction-cameroun.com<\/a> or by mail BP 11200 Newbell Douala.<\/p>\t\t\t\t\t\t\t\t<\/div>\n\t\t\t\t<\/div>\n\t\t\t\t\t<\/div>\n\t\t<\/div>\n\t\t\t\t\t<\/div>\n\t\t<\/section>\n\t\t\t\t\t<\/div>\n\t\t<\/div>\n\t\t\t\t\t<\/div>\n\t\t<\/section>\n\t\t\t\t<\/div>","protected":false},"excerpt":{"rendered":"<p>Politique de confidentialit\u00e9 La pr\u00e9sente politique de confidentialit\u00e9 est fond\u00e9e sur le R\u00e8glement UE 2016\/679 relatif \u00e0 la protection des donn\u00e9es (RGPD) ainsi que sur votre consentement \u00e9clair\u00e9. Elle a pour objectif de vous informer sur le traitement de vos donn\u00e9es \u00e0 caract\u00e8re personnel. Cette politique de confidentialit\u00e9 ne s\u2019applique qu\u2019aux renseignements recueillis par le [&hellip;]<\/p>\n","protected":false},"author":1,"featured_media":0,"parent":0,"menu_order":0,"comment_status":"closed","ping_status":"closed","template":"elementor_canvas","meta":{"footnotes":""},"class_list":["post-697","page","type-page","status-publish","hentry"],"_links":{"self":[{"href":"http:\/\/tt-construction-cameroun.com\/en\/wp-json\/wp\/v2\/pages\/697","targetHints":{"allow":["GET"]}}],"collection":[{"href":"http:\/\/tt-construction-cameroun.com\/en\/wp-json\/wp\/v2\/pages"}],"about":[{"href":"http:\/\/tt-construction-cameroun.com\/en\/wp-json\/wp\/v2\/types\/page"}],"author":[{"embeddable":true,"href":"http:\/\/tt-construction-cameroun.com\/en\/wp-json\/wp\/v2\/users\/1"}],"replies":[{"embeddable":true,"href":"http:\/\/tt-construction-cameroun.com\/en\/wp-json\/wp\/v2\/comments?post=697"}],"version-history":[{"count":4,"href":"http:\/\/tt-construction-cameroun.com\/en\/wp-json\/wp\/v2\/pages\/697\/revisions"}],"predecessor-version":[{"id":701,"href":"http:\/\/tt-construction-cameroun.com\/en\/wp-json\/wp\/v2\/pages\/697\/revisions\/701"}],"wp:attachment":[{"href":"http:\/\/tt-construction-cameroun.com\/en\/wp-json\/wp\/v2\/media?parent=697"}],"curies":[{"name":"wp","href":"https:\/\/api.w.org\/{rel}","templated":true}]}}