{"id":691,"date":"2021-05-01T11:01:03","date_gmt":"2021-05-01T11:01:03","guid":{"rendered":"http:\/\/tt-construction-cameroun.com\/?page_id=691"},"modified":"2021-05-25T16:55:50","modified_gmt":"2021-05-25T16:55:50","slug":"mentions-legales","status":"publish","type":"page","link":"http:\/\/tt-construction-cameroun.com\/fr\/mentions-legales","title":{"rendered":"Mentions L\u00e9gales"},"content":{"rendered":"\t\t<div data-elementor-type=\"wp-page\" data-elementor-id=\"691\" class=\"elementor elementor-691\" data-elementor-post-type=\"page\">\n\t\t\t\t\t\t<header class=\"elementor-section elementor-top-section elementor-element elementor-element-3704198 elementor-section-content-middle elementor-section-height-min-height elementor-section-full_width elementor-section-height-default elementor-section-items-middle\" data-id=\"3704198\" data-element_type=\"section\" data-e-type=\"section\" data-settings=\"{&quot;background_background&quot;:&quot;classic&quot;}\">\n\t\t\t\t\t\t<div class=\"elementor-container elementor-column-gap-no\">\n\t\t\t\t\t<div class=\"elementor-column elementor-col-25 elementor-top-column elementor-element elementor-element-23149685\" data-id=\"23149685\" data-element_type=\"column\" data-e-type=\"column\">\n\t\t\t<div class=\"elementor-widget-wrap elementor-element-populated\">\n\t\t\t\t\t\t<div class=\"elementor-element elementor-element-74db9dc0 elementor-widget elementor-widget-theme-site-logo elementor-widget-image\" data-id=\"74db9dc0\" data-element_type=\"widget\" data-e-type=\"widget\" data-widget_type=\"theme-site-logo.default\">\n\t\t\t\t<div class=\"elementor-widget-container\">\n\t\t\t\t\t\t\t\t\t\t\t<a href=\"http:\/\/tt-construction-cameroun.com\/fr\">\n\t\t\t<img fetchpriority=\"high\" decoding=\"async\" width=\"350\" height=\"150\" src=\"https:\/\/tt-construction-cameroun.com\/wp-content\/uploads\/2021\/04\/logo_small1_web.png\" class=\"attachment-full size-full wp-image-61\" alt=\"\" srcset=\"https:\/\/tt-construction-cameroun.com\/wp-content\/uploads\/2021\/04\/logo_small1_web.png 350w, https:\/\/tt-construction-cameroun.com\/wp-content\/uploads\/2021\/04\/logo_small1_web-300x129.png 300w\" sizes=\"(max-width: 350px) 100vw, 350px\" \/>\t\t\t\t<\/a>\n\t\t\t\t\t\t\t\t\t\t\t<\/div>\n\t\t\t\t<\/div>\n\t\t\t\t\t<\/div>\n\t\t<\/div>\n\t\t\t\t<div class=\"elementor-column elementor-col-50 elementor-top-column elementor-element elementor-element-655f2712\" data-id=\"655f2712\" data-element_type=\"column\" data-e-type=\"column\">\n\t\t\t<div class=\"elementor-widget-wrap elementor-element-populated\">\n\t\t\t\t\t\t<div class=\"elementor-element elementor-element-3f58a7c4 elementor-nav-menu__align-end elementor-nav-menu--stretch elementor-nav-menu--dropdown-tablet elementor-nav-menu__text-align-aside elementor-nav-menu--toggle elementor-nav-menu--burger elementor-widget elementor-widget-nav-menu\" data-id=\"3f58a7c4\" data-element_type=\"widget\" data-e-type=\"widget\" data-settings=\"{&quot;full_width&quot;:&quot;stretch&quot;,&quot;layout&quot;:&quot;horizontal&quot;,&quot;submenu_icon&quot;:{&quot;value&quot;:&quot;&lt;i class=\\&quot;fas fa-caret-down\\&quot; aria-hidden=\\&quot;true\\&quot;&gt;&lt;\\\/i&gt;&quot;,&quot;library&quot;:&quot;fa-solid&quot;},&quot;toggle&quot;:&quot;burger&quot;}\" data-widget_type=\"nav-menu.default\">\n\t\t\t\t<div class=\"elementor-widget-container\">\n\t\t\t\t\t\t\t\t<nav aria-label=\"Menu\" class=\"elementor-nav-menu--main elementor-nav-menu__container elementor-nav-menu--layout-horizontal e--pointer-underline e--animation-fade\">\n\t\t\t\t<ul id=\"menu-1-3f58a7c4\" class=\"elementor-nav-menu\"><li class=\"menu-item menu-item-type-post_type menu-item-object-page menu-item-home menu-item-248\"><a href=\"http:\/\/tt-construction-cameroun.com\/fr\/\" class=\"elementor-item\">Accueil<\/a><\/li>\n<li class=\"menu-item menu-item-type-post_type menu-item-object-page menu-item-267\"><a href=\"http:\/\/tt-construction-cameroun.com\/fr\/a-propos\" class=\"elementor-item\">\u00c0 PROPOS<\/a><\/li>\n<li class=\"menu-item menu-item-type-post_type menu-item-object-page menu-item-268\"><a href=\"http:\/\/tt-construction-cameroun.com\/fr\/projets\" class=\"elementor-item\">Projets<\/a><\/li>\n<li class=\"menu-item menu-item-type-post_type menu-item-object-page menu-item-269\"><a href=\"http:\/\/tt-construction-cameroun.com\/fr\/services\" class=\"elementor-item\">Nos Services<\/a><\/li>\n<li class=\"menu-item menu-item-type-post_type menu-item-object-page menu-item-1033\"><a href=\"http:\/\/tt-construction-cameroun.com\/fr\/blog_summary\" class=\"elementor-item\">Blog<\/a><\/li>\n<li class=\"menu-item menu-item-type-post_type menu-item-object-page menu-item-271\"><a href=\"http:\/\/tt-construction-cameroun.com\/fr\/contact\" class=\"elementor-item\">Contact<\/a><\/li>\n<li class=\"trp-language-switcher-container menu-item menu-item-type-post_type menu-item-object-language_switcher current-language-menu-item menu-item-924\"><a href=\"http:\/\/tt-construction-cameroun.com\/fr\/wp-json\/wp\/v2\/pages\/691\" class=\"elementor-item\"><span data-no-translation><img decoding=\"async\" class=\"trp-flag-image\" src=\"http:\/\/tt-construction-cameroun.com\/wp-content\/plugins\/translatepress-multilingual\/assets\/images\/flags\/fr_FR.png\" width=\"18\" height=\"12\" alt=\"fr_FR\" title=\"French\"><\/span><\/a><\/li>\n<li class=\"trp-language-switcher-container menu-item menu-item-type-post_type menu-item-object-language_switcher current-language-menu-item menu-item-903\"><a href=\"http:\/\/tt-construction-cameroun.com\/fr\/wp-json\/wp\/v2\/pages\/691\" class=\"elementor-item\"><span data-no-translation><img decoding=\"async\" class=\"trp-flag-image\" src=\"http:\/\/tt-construction-cameroun.com\/wp-content\/plugins\/translatepress-multilingual\/assets\/images\/flags\/en_GB.png\" width=\"18\" height=\"12\" alt=\"en_GB\" title=\"English\"><\/span><\/a><\/li>\n<li class=\"trp-language-switcher-container menu-item menu-item-type-post_type menu-item-object-language_switcher current-language-menu-item menu-item-902\"><a href=\"http:\/\/tt-construction-cameroun.com\/fr\/wp-json\/wp\/v2\/pages\/691\" class=\"elementor-item\"><span data-no-translation><img loading=\"lazy\" decoding=\"async\" class=\"trp-flag-image\" src=\"http:\/\/tt-construction-cameroun.com\/wp-content\/plugins\/translatepress-multilingual\/assets\/images\/flags\/de_DE.png\" width=\"18\" height=\"12\" alt=\"de_DE\" title=\"German\"><\/span><\/a><\/li>\n<\/ul>\t\t\t<\/nav>\n\t\t\t\t\t<div class=\"elementor-menu-toggle\" role=\"button\" tabindex=\"0\" aria-label=\"Permuter le menu\" aria-expanded=\"false\">\n\t\t\t<i aria-hidden=\"true\" role=\"presentation\" class=\"elementor-menu-toggle__icon--open eicon-menu-bar\"><\/i><i aria-hidden=\"true\" role=\"presentation\" class=\"elementor-menu-toggle__icon--close eicon-close\"><\/i>\t\t<\/div>\n\t\t\t\t\t<nav class=\"elementor-nav-menu--dropdown elementor-nav-menu__container\" aria-hidden=\"true\">\n\t\t\t\t<ul id=\"menu-2-3f58a7c4\" class=\"elementor-nav-menu\"><li class=\"menu-item menu-item-type-post_type menu-item-object-page menu-item-home menu-item-248\"><a href=\"http:\/\/tt-construction-cameroun.com\/fr\/\" class=\"elementor-item\" tabindex=\"-1\">Accueil<\/a><\/li>\n<li class=\"menu-item menu-item-type-post_type menu-item-object-page menu-item-267\"><a href=\"http:\/\/tt-construction-cameroun.com\/fr\/a-propos\" class=\"elementor-item\" tabindex=\"-1\">\u00c0 PROPOS<\/a><\/li>\n<li class=\"menu-item menu-item-type-post_type menu-item-object-page menu-item-268\"><a href=\"http:\/\/tt-construction-cameroun.com\/fr\/projets\" class=\"elementor-item\" tabindex=\"-1\">Projets<\/a><\/li>\n<li class=\"menu-item menu-item-type-post_type menu-item-object-page menu-item-269\"><a href=\"http:\/\/tt-construction-cameroun.com\/fr\/services\" class=\"elementor-item\" tabindex=\"-1\">Nos Services<\/a><\/li>\n<li class=\"menu-item menu-item-type-post_type menu-item-object-page menu-item-1033\"><a href=\"http:\/\/tt-construction-cameroun.com\/fr\/blog_summary\" class=\"elementor-item\" tabindex=\"-1\">Blog<\/a><\/li>\n<li class=\"menu-item menu-item-type-post_type menu-item-object-page menu-item-271\"><a href=\"http:\/\/tt-construction-cameroun.com\/fr\/contact\" class=\"elementor-item\" tabindex=\"-1\">Contact<\/a><\/li>\n<li class=\"trp-language-switcher-container menu-item menu-item-type-post_type menu-item-object-language_switcher current-language-menu-item menu-item-924\"><a href=\"http:\/\/tt-construction-cameroun.com\/fr\/wp-json\/wp\/v2\/pages\/691\" class=\"elementor-item\" tabindex=\"-1\"><span data-no-translation><img decoding=\"async\" class=\"trp-flag-image\" src=\"http:\/\/tt-construction-cameroun.com\/wp-content\/plugins\/translatepress-multilingual\/assets\/images\/flags\/fr_FR.png\" width=\"18\" height=\"12\" alt=\"fr_FR\" title=\"French\"><\/span><\/a><\/li>\n<li class=\"trp-language-switcher-container menu-item menu-item-type-post_type menu-item-object-language_switcher current-language-menu-item menu-item-903\"><a href=\"http:\/\/tt-construction-cameroun.com\/fr\/wp-json\/wp\/v2\/pages\/691\" class=\"elementor-item\" tabindex=\"-1\"><span data-no-translation><img decoding=\"async\" class=\"trp-flag-image\" src=\"http:\/\/tt-construction-cameroun.com\/wp-content\/plugins\/translatepress-multilingual\/assets\/images\/flags\/en_GB.png\" width=\"18\" height=\"12\" alt=\"en_GB\" title=\"English\"><\/span><\/a><\/li>\n<li class=\"trp-language-switcher-container menu-item menu-item-type-post_type menu-item-object-language_switcher current-language-menu-item menu-item-902\"><a href=\"http:\/\/tt-construction-cameroun.com\/fr\/wp-json\/wp\/v2\/pages\/691\" class=\"elementor-item\" tabindex=\"-1\"><span data-no-translation><img loading=\"lazy\" decoding=\"async\" class=\"trp-flag-image\" src=\"http:\/\/tt-construction-cameroun.com\/wp-content\/plugins\/translatepress-multilingual\/assets\/images\/flags\/de_DE.png\" width=\"18\" height=\"12\" alt=\"de_DE\" title=\"German\"><\/span><\/a><\/li>\n<\/ul>\t\t\t<\/nav>\n\t\t\t\t\t\t<\/div>\n\t\t\t\t<\/div>\n\t\t\t\t\t<\/div>\n\t\t<\/div>\n\t\t\t\t<div class=\"elementor-column elementor-col-25 elementor-top-column elementor-element elementor-element-4864a4bc\" data-id=\"4864a4bc\" data-element_type=\"column\" data-e-type=\"column\">\n\t\t\t<div class=\"elementor-widget-wrap\">\n\t\t\t\t\t\t\t<\/div>\n\t\t<\/div>\n\t\t\t\t\t<\/div>\n\t\t<\/header>\n\t\t\t\t<section class=\"elementor-section elementor-top-section elementor-element elementor-element-255999e elementor-section-boxed elementor-section-height-default elementor-section-height-default\" data-id=\"255999e\" data-element_type=\"section\" data-e-type=\"section\">\n\t\t\t\t\t\t<div class=\"elementor-container elementor-column-gap-default\">\n\t\t\t\t\t<div class=\"elementor-column elementor-col-100 elementor-top-column elementor-element elementor-element-18c8464\" data-id=\"18c8464\" data-element_type=\"column\" data-e-type=\"column\">\n\t\t\t<div class=\"elementor-widget-wrap elementor-element-populated\">\n\t\t\t\t\t\t<div class=\"elementor-element elementor-element-2b50cca elementor-widget elementor-widget-heading\" data-id=\"2b50cca\" data-element_type=\"widget\" data-e-type=\"widget\" data-widget_type=\"heading.default\">\n\t\t\t\t<div class=\"elementor-widget-container\">\n\t\t\t\t\t<h2 class=\"elementor-heading-title elementor-size-default\">Mentions L\u00e9gales<\/h2>\t\t\t\t<\/div>\n\t\t\t\t<\/div>\n\t\t\t\t\t<\/div>\n\t\t<\/div>\n\t\t\t\t\t<\/div>\n\t\t<\/section>\n\t\t\t\t<section class=\"elementor-section elementor-top-section elementor-element elementor-element-7136a6d elementor-section-boxed elementor-section-height-default elementor-section-height-default\" data-id=\"7136a6d\" data-element_type=\"section\" data-e-type=\"section\">\n\t\t\t\t\t\t<div class=\"elementor-container elementor-column-gap-default\">\n\t\t\t\t\t<div class=\"elementor-column elementor-col-100 elementor-top-column elementor-element elementor-element-96ffa6f\" data-id=\"96ffa6f\" data-element_type=\"column\" data-e-type=\"column\">\n\t\t\t<div class=\"elementor-widget-wrap elementor-element-populated\">\n\t\t\t\t\t\t<section class=\"elementor-section elementor-inner-section elementor-element elementor-element-d5e2de3 elementor-section-boxed elementor-section-height-default elementor-section-height-default\" data-id=\"d5e2de3\" data-element_type=\"section\" data-e-type=\"section\">\n\t\t\t\t\t\t<div class=\"elementor-container elementor-column-gap-default\">\n\t\t\t\t\t<div class=\"elementor-column elementor-col-100 elementor-inner-column elementor-element elementor-element-3afeebe\" data-id=\"3afeebe\" data-element_type=\"column\" data-e-type=\"column\">\n\t\t\t<div class=\"elementor-widget-wrap elementor-element-populated\">\n\t\t\t\t\t\t<div class=\"elementor-element elementor-element-c6f8c0a elementor-widget elementor-widget-text-editor\" data-id=\"c6f8c0a\" data-element_type=\"widget\" data-e-type=\"widget\" data-widget_type=\"text-editor.default\">\n\t\t\t\t<div class=\"elementor-widget-container\">\n\t\t\t\t\t\t\t\t\t<p>Nom du site:\u00a0<a href=\"http:\/\/www.tt-construction-cameroun.com\/\">www.tt-construction-cameroun.com<\/a> <br \/>Directeur de la publication: Mr. Camille Tchitchi<br \/>Email:\u00a0<a href=\"mailto:c.tchitchi@tt-construction-cameroun.com\">c.tchitchi@tt-construction-cameroun.com<\/a><\/p><p>Adresse: BP 11200 Newbell<br \/>Douala &#8211; Cameroun<br \/>T\u00e9l : +49 151 422 475 17<br \/>Forme juridique : SARL<br \/>Raison sociale: TCHITCHI &amp; TIOMO CONSTRUCTION BTP SARL (T&amp;T CONSTRUCTION BTP SARL)<\/p><p>Capital social: 900.000 F CFA\u00a0 <br \/>RCCM: RC\/DLA\/2021\/B\/862<br \/>NIU: M022118477352N<\/p><p><strong>H\u00e9bergement: <\/strong><\/p><p><strong>1&amp;1 IONOS SE:<\/strong><\/p><p>Elgendorfer Str. 57<\/p><p>56410 Montabaur-Allemagne<\/p><p>R\u00e9gistre de commerce: Amtsgericht Montabaur \/ HRB 24498<\/p><p>TVA\/ ID: DE815563912<\/p><p>Telefon: +49 (0) 721 170 5522<\/p><p>E-Mail:\u00a0<a href=\"mailto:info@ionos.de\">info@ionos.de<\/a><\/p><p>L&rsquo;utilisateur du site Internet reconna\u00eet disposer de la comp\u00e9tence et des moyens n\u00e9cessaires pour acc\u00e9der et utiliser ce site. Il reconna\u00eet \u00e9galement avoir pris connaissance de la pr\u00e9sente notice l\u00e9gale et s&rsquo;engage \u00e0 la respecter.<\/p><p>L&rsquo;utilisateur est inform\u00e9 que lors de ses visites sur le site, un cookie peut s&rsquo;installer automatiquement sur son logiciel de navigation. Un cookie est un \u00e9l\u00e9ment qui ne permet pas d&rsquo;identifier l&rsquo;utilisateur mais sert \u00e0 enregistrer des informations relatives \u00e0 la navigation de celui-ci sur le site Internet. L&rsquo;utilisateur pourra d\u00e9sactiver ce cookie par l&rsquo;interm\u00e9diaire des param\u00e8tres figurant au sein de son logiciel de navigation.<\/p><p><strong>Droit applicable<\/strong><\/p><p>L&rsquo;acc\u00e8s au Site Web, la visite ou l&rsquo;utilisation de ce Site Web et les pr\u00e9sentes Conditions G\u00e9n\u00e9rales sont soumis au droit camerounais\u00a0et seront interpr\u00e9t\u00e9s conform\u00e9ment \u00e0 la l\u00e9gislation camerounaise. En cas de litige, la version fran\u00e7aise de ce site web fait foi.<\/p><p><strong>Cr\u00e9dits photos et vid\u00e9o:\u00a0<\/strong><\/p><p>Source: Adobe Stock Photos et Coverr.<\/p><p><strong>Copyright<\/strong><\/p><p>Le site <a href=\"http:\/\/www.tt-construction-cameroun.com\/\">www.tt-construction-cameroun.com<\/a> est r\u00e9gi par la l\u00e9gislation internationale sur le droit d\u2019auteur; le droit des marques et de mani\u00e8re plus g\u00e9n\u00e9rale, le droit de la propri\u00e9t\u00e9 intellectuelle. \u00a0<\/p><p>Toute repr\u00e9sentation totale ou partielle de ce site par quelque proc\u00e9d\u00e9 que ce soit, sans l&rsquo;autorisation expresse de l&rsquo;exploitant du site Internet est interdite et constituerait une contrefa\u00e7on sanctionn\u00e9e par les article du Code de la propri\u00e9t\u00e9 intellectuelle.<\/p><p>Les marques de l&rsquo;exploitant du site Internet et de ses partenaires, ainsi que les logos figurant sur le site sont des \u00e9l\u00e9ments prot\u00e9g\u00e9s par les dispositions du droit de la propri\u00e9t\u00e9 intellectuelle et ne peuvent faire l&rsquo;objet, sans consentement du Directeur de la publication, d&rsquo;aucune reproduction ni repr\u00e9sentation partielle ou totale.<\/p><p>Les liens hypertextes mis en place dans le cadre du site Internet en direction d&rsquo;autres ressources pr\u00e9sentes sur le r\u00e9seau de l&rsquo;Internet, et notamment vers ses partenaires ont fait l&rsquo;objet d&rsquo;une autorisation pr\u00e9alable expresse et \u00e9crite.<\/p><p>Les utilisateurs visiteurs du site Internet ne peuvent mettre en place un hyperlien en direction de ces sites sans l&rsquo;autorisation expresse et pr\u00e9alable de l&rsquo;exploitant du site Internet.<\/p>\t\t\t\t\t\t\t\t<\/div>\n\t\t\t\t<\/div>\n\t\t\t\t\t<\/div>\n\t\t<\/div>\n\t\t\t\t\t<\/div>\n\t\t<\/section>\n\t\t\t\t\t<\/div>\n\t\t<\/div>\n\t\t\t\t\t<\/div>\n\t\t<\/section>\n\t\t\t\t<\/div>\n\t\t","protected":false},"excerpt":{"rendered":"<p>Mentions L\u00e9gales Nom du site:\u00a0www.tt-construction-cameroun.com Directeur de la publication: Mr. Camille TchitchiEmail:\u00a0c.tchitchi@tt-construction-cameroun.com Adresse: BP 11200 NewbellDouala &#8211; CamerounT\u00e9l : +49 151 422 475 17Forme juridique : SARLRaison sociale: TCHITCHI &amp; TIOMO CONSTRUCTION BTP SARL (T&amp;T CONSTRUCTION BTP SARL) Capital social: 900.000 F CFA\u00a0 RCCM: RC\/DLA\/2021\/B\/862NIU: M022118477352N H\u00e9bergement: 1&amp;1 IONOS SE: Elgendorfer Str. 57 56410 Montabaur-Allemagne [&hellip;]<\/p>\n","protected":false},"author":1,"featured_media":0,"parent":0,"menu_order":0,"comment_status":"closed","ping_status":"closed","template":"elementor_canvas","meta":{"footnotes":""},"class_list":["post-691","page","type-page","status-publish","hentry"],"_links":{"self":[{"href":"http:\/\/tt-construction-cameroun.com\/fr\/wp-json\/wp\/v2\/pages\/691","targetHints":{"allow":["GET"]}}],"collection":[{"href":"http:\/\/tt-construction-cameroun.com\/fr\/wp-json\/wp\/v2\/pages"}],"about":[{"href":"http:\/\/tt-construction-cameroun.com\/fr\/wp-json\/wp\/v2\/types\/page"}],"author":[{"embeddable":true,"href":"http:\/\/tt-construction-cameroun.com\/fr\/wp-json\/wp\/v2\/users\/1"}],"replies":[{"embeddable":true,"href":"http:\/\/tt-construction-cameroun.com\/fr\/wp-json\/wp\/v2\/comments?post=691"}],"version-history":[{"count":7,"href":"http:\/\/tt-construction-cameroun.com\/fr\/wp-json\/wp\/v2\/pages\/691\/revisions"}],"predecessor-version":[{"id":948,"href":"http:\/\/tt-construction-cameroun.com\/fr\/wp-json\/wp\/v2\/pages\/691\/revisions\/948"}],"wp:attachment":[{"href":"http:\/\/tt-construction-cameroun.com\/fr\/wp-json\/wp\/v2\/media?parent=691"}],"curies":[{"name":"wp","href":"https:\/\/api.w.org\/{rel}","templated":true}]}}